{"id":4668,"date":"2021-09-20T00:04:04","date_gmt":"2021-09-19T22:04:04","guid":{"rendered":"https:\/\/autismhope.md\/?page_id=4668"},"modified":"2021-09-20T00:04:54","modified_gmt":"2021-09-19T22:04:54","slug":"fii-voluntar","status":"publish","type":"page","link":"https:\/\/autismhope.md\/ru\/fii-voluntar\/","title":{"rendered":"Fii Voluntar"},"content":{"rendered":"<div data-elementor-type=\"wp-page\" data-elementor-id=\"4668\" class=\"elementor elementor-4668\">\n\t\t\t\t\t\t\t\t\t<section class=\"elementor-section elementor-top-section elementor-element elementor-element-ad69614 elementor-section-full_width elementor-section-stretched elementor-section-height-default elementor-section-height-default\" data-id=\"ad69614\" data-element_type=\"section\" data-settings=\"{&quot;stretch_section&quot;:&quot;section-stretched&quot;}\">\n\t\t\t\t\t\t<div class=\"elementor-container elementor-column-gap-no\">\n\t\t\t\t\t<div class=\"elementor-column elementor-col-100 elementor-top-column elementor-element elementor-element-dee8c8d\" data-id=\"dee8c8d\" data-element_type=\"column\">\n\t\t\t<div class=\"elementor-widget-wrap elementor-element-populated\">\n\t\t\t\t\t\t\t\t<div class=\"elementor-element elementor-element-047beee elementor-widget elementor-widget-home_faq\" data-id=\"047beee\" data-element_type=\"widget\" data-widget_type=\"home_faq.default\">\n\t\t\t\t<div class=\"elementor-widget-container\">\n\t\t\t\t<!-- ==========Faqs Section Starts Here========== -->\r\n    <section class=\"faqs-single-section pos-rel\">\r\n        <div class=\"abs-clients-thumb\">\r\n            \t        \t<img decoding=\"async\" src=\"http:\/\/www.codexcoder.com\/demos\/lonelypro\/main\/wp-content\/uploads\/2021\/03\/bg-shape2.png\" alt=\"Autism Hope\">\r\n\t    \t        <\/div>\r\n        <div class=\"container\">\r\n            <div class=\"row align-items-center flex-row-reverse\">\r\n                <div class=\"col-xl-6\">\r\n                    <div class=\"section-header text-left\">\r\n                        <span class=\"cate\">Vino al\u0103turi de copiii no\u0219tri<\/span>\r\n                        <h3 class=\"title text-uppercase\">AVEM NEVOIE DE VOLUNTARI<\/h3>\r\n                    <\/div>\r\n\r\n                    <div class=\"faq-wrapper\">\r\n                    \t                        <div class=\"faq-item active\">\r\n                            <div class=\"faq-title\">\r\n                                <span class=\"right-icon\"><\/span>\r\n                                <h5 class=\"title\">Ajut\u0103-ne \u00een str\u00e2ngerea de fonduri<\/h5>\r\n                            <\/div>\r\n                            <div class=\"faq-content\">\r\n                                <p>Al\u0103tur\u0103-te grozavei noastre echipe de fundraiseri energici, motiva\u021bi de cauza noastr\u0103. \u00ce\u021bi po\u021bi convinge prietenii \u015fi familia s\u0103 sus\u0163in\u0103 cauza sau po\u0163i s\u0103 te implici \u00een diverse activit\u0103\u0163i de str\u00e2ngere de fonduri, lupt\u00e2nd pentru o cauza nobil\u0103. Dac\u0103 \u0219tii s\u0103 comunici autentic cu cei din jurul t\u0103u, e\u015fti o persoan\u0103 sociabil\u0103 \u015fi hot\u0103r\u00e2t\u0103, \u00ee\u0163i oferim \u015fansa de a-\u0163i dezvolta creativitatea \u015fi de a aduna experien\u0163\u0103 \u00een fundraising lupt\u00e2nd pentru o cauza nobil\u0103. Te po\u0163i implica \u00een evenimentele \u015fi campaniile cu tradi\u0163ie sau po\u0163i propune noi concepte prin care s\u0103 dob\u00e2ndim noi sus\u021bin\u0103tori ai proiectelor noastre.<\/p>\r\n                            <\/div>\r\n                        <\/div>\r\n                                                <div class=\"faq-item\">\r\n                            <div class=\"faq-title\">\r\n                                <span class=\"right-icon\"><\/span>\r\n                                <h5 class=\"title\">Specializeaz\u0103-te \u00een terapia ABA<\/h5>\r\n                            <\/div>\r\n                            <div class=\"faq-content\">\r\n                                <p>Dac\u0103 e\u015fti student sau recent absolvent al facult\u0103\u0163ii de Psihologie, \u0219tii deja c\u0103 terapia ABA poate schimba radical via\u0163a unui copil cu autism. La Help Autism c\u0103ut\u0103m s\u0103 identific\u0103m \u00eentotdeauna cele mai bune metode de terapie, pentru a oferi o \u015fans\u0103 real\u0103 de recuperare copiilor din comunitatea noastr\u0103. De aceea, este imperativ ca terapeu\u021bii no\u0219tri s\u0103 fie profesioni\u0219ti des\u0103v\u00e2r\u0219i\u021bi, caracteristic\u0103 dob\u00e2ndit\u0103 prin experien\u021b\u0103 \u0219i \u00eensu\u0219irea deplin\u0103 a unor valori. Al\u0103turi de noi, te po\u021bi perfec\u021biona ca terapeut. <\/p>\r\n                            <\/div>\r\n                        <\/div>\r\n                                                <div class=\"faq-item\">\r\n                            <div class=\"faq-title\">\r\n                                <span class=\"right-icon\"><\/span>\r\n                                <h5 class=\"title\">Dezvolt\u0103-\u0163i abilit\u0103\u0163ile administrative<\/h5>\r\n                            <\/div>\r\n                            <div class=\"faq-content\">\r\n                                <p>Voluntarii care au apetit pentru organizare \u0219i doresc s\u0103 \u00eenve\u021be mai multe despre func\u021bionarea opera\u021bional\u0103 a asocia\u021biei, se pot al\u0103tura departamentului administrativ, pentru a ne ajuta \u00een tehnoradactare, introducere date, scanare, recep\u0163ie, arhivare \u015fi \u00een tot ceea ce \u00eenseamn\u0103 administrarea activit\u0103\u0163ilor \u015fi a centrelor Help Autism.<\/p>\r\n                            <\/div>\r\n                        <\/div>\r\n                                            <\/div>\r\n                <\/div>\r\n                <div class=\"col-xl-6\">\r\n                    <div class=\"faq-thumb wow fadeInUp\" data-wow-duration=\"1s\" data-wow-delay=\".1s\">\r\n                        <div class=\"faq-abs-thumb\">\r\n                            \t\t\t\t\t        \t<img decoding=\"async\" src=\"http:\/\/www.codexcoder.com\/demos\/lonelypro\/main\/wp-content\/uploads\/2021\/03\/01.png\" alt=\"Autism Hope\">\r\n\t\t\t\t\t    \t                        <\/div>\r\n                    <\/div>\r\n                <\/div>\r\n            <\/div>\r\n        <\/div>\r\n    <\/section>\r\n    <!-- ==========Faqs Section Ends Here========== -->\r\n\t\t\t<\/div>\n\t\t\t\t<\/div>\n\t\t\t\t\t<\/div>\n\t\t<\/div>\n\t\t\t\t\t\t\t<\/div>\n\t\t<\/section>\n\t\t\t\t\t\t\t<\/div>","protected":false},"excerpt":{"rendered":"<p>Vino al\u0103turi de copiii no\u0219tri AVEM NEVOIE DE VOLUNTARI Ajut\u0103-ne \u00een str\u00e2ngerea de fonduri Al\u0103tur\u0103-te grozavei noastre echipe de fundraiseri energici, motiva\u021bi de cauza noastr\u0103. \u00ce\u021bi po\u021bi convinge prietenii \u015fi familia s\u0103 sus\u0163in\u0103 cauza sau po\u0163i s\u0103 te implici \u00een diverse activit\u0103\u0163i de str\u00e2ngere de fonduri, lupt\u00e2nd pentru o cauza nobil\u0103. Dac\u0103 \u0219tii s\u0103 comunici [&hellip;]<\/p>","protected":false},"author":1,"featured_media":0,"parent":0,"menu_order":0,"comment_status":"closed","ping_status":"closed","template":"","meta":{"_mi_skip_tracking":false,"_monsterinsights_sitenote_active":false,"_monsterinsights_sitenote_note":"","_monsterinsights_sitenote_category":0,"footnotes":""},"class_list":["post-4668","page","type-page","status-publish","hentry"],"aioseo_notices":[],"_links":{"self":[{"href":"https:\/\/autismhope.md\/ru\/wp-json\/wp\/v2\/pages\/4668","targetHints":{"allow":["GET"]}}],"collection":[{"href":"https:\/\/autismhope.md\/ru\/wp-json\/wp\/v2\/pages"}],"about":[{"href":"https:\/\/autismhope.md\/ru\/wp-json\/wp\/v2\/types\/page"}],"author":[{"embeddable":true,"href":"https:\/\/autismhope.md\/ru\/wp-json\/wp\/v2\/users\/1"}],"replies":[{"embeddable":true,"href":"https:\/\/autismhope.md\/ru\/wp-json\/wp\/v2\/comments?post=4668"}],"version-history":[{"count":4,"href":"https:\/\/autismhope.md\/ru\/wp-json\/wp\/v2\/pages\/4668\/revisions"}],"predecessor-version":[{"id":4672,"href":"https:\/\/autismhope.md\/ru\/wp-json\/wp\/v2\/pages\/4668\/revisions\/4672"}],"wp:attachment":[{"href":"https:\/\/autismhope.md\/ru\/wp-json\/wp\/v2\/media?parent=4668"}],"curies":[{"name":"wp","href":"https:\/\/api.w.org\/{rel}","templated":true}]}}