{"id":4586,"date":"2021-09-19T22:22:36","date_gmt":"2021-09-19T20:22:36","guid":{"rendered":"https:\/\/autismhope.md\/?page_id=4586"},"modified":"2021-09-19T22:23:44","modified_gmt":"2021-09-19T20:23:44","slug":"legislatie","status":"publish","type":"page","link":"https:\/\/autismhope.md\/ru\/legislatie\/","title":{"rendered":"Legisla\u021bie"},"content":{"rendered":"<div data-elementor-type=\"wp-page\" data-elementor-id=\"4586\" class=\"elementor elementor-4586\">\n\t\t\t\t\t\t\t\t\t<section class=\"elementor-section elementor-top-section elementor-element elementor-element-f867203 elementor-section-boxed elementor-section-height-default elementor-section-height-default\" data-id=\"f867203\" data-element_type=\"section\">\n\t\t\t\t\t\t<div class=\"elementor-container elementor-column-gap-default\">\n\t\t\t\t\t<div class=\"elementor-column elementor-col-100 elementor-top-column elementor-element elementor-element-c155d57\" data-id=\"c155d57\" data-element_type=\"column\">\n\t\t\t<div class=\"elementor-widget-wrap elementor-element-populated\">\n\t\t\t\t\t\t\t\t<div class=\"elementor-element elementor-element-6f70faa elementor-widget elementor-widget-text-editor\" data-id=\"6f70faa\" data-element_type=\"widget\" data-widget_type=\"text-editor.default\">\n\t\t\t\t<div class=\"elementor-widget-container\">\n\t\t\t<style>\/*! elementor - v3.15.0 - 20-08-2023 *\/\n.elementor-widget-text-editor.elementor-drop-cap-view-stacked .elementor-drop-cap{background-color:#69727d;color:#fff}.elementor-widget-text-editor.elementor-drop-cap-view-framed .elementor-drop-cap{color:#69727d;border:3px solid;background-color:transparent}.elementor-widget-text-editor:not(.elementor-drop-cap-view-default) .elementor-drop-cap{margin-top:8px}.elementor-widget-text-editor:not(.elementor-drop-cap-view-default) .elementor-drop-cap-letter{width:1em;height:1em}.elementor-widget-text-editor .elementor-drop-cap{float:left;text-align:center;line-height:1;font-size:50px}.elementor-widget-text-editor .elementor-drop-cap-letter{display:inline-block}<\/style>\t\t\t\t<h2 style=\"font-family: &quot;Arimo&amp;subset=latin-ext&quot;, sans-serif; font-weight: 500; line-height: 28px; color: rgb(66, 129, 196); margin-top: 20px; margin-bottom: 10px; font-size: 24px; background-color: rgb(255, 255, 255);\">Legi:<\/h2><h3 style=\"font-family: &quot;Arimo&amp;subset=latin-ext&quot;, sans-serif; font-weight: 500; line-height: 18px; color: rgb(48, 48, 48); margin-top: 20px; margin-bottom: 10px; font-size: 14px; background-color: rgb(255, 255, 255);\"><a href=\"http:\/\/lex.justice.md\/index.php?action=view&amp;view=doc&amp;id=312847\" target=\"_blank\" rel=\"noopener noreferrer\" style=\"color: rgb(51, 51, 51); line-height: 18px; margin-bottom: 0px;\">Legea asisten\u021bei sociale nr.547 din 25.12.2003<\/a>, Monitorul Oficial al Republicii Moldova, 12.03.2004, nr.042\/249<\/h3><h3 style=\"font-family: &quot;Arimo&amp;subset=latin-ext&quot;, sans-serif; font-weight: 500; line-height: 18px; color: rgb(48, 48, 48); margin-top: 20px; margin-bottom: 10px; font-size: 14px; background-color: rgb(255, 255, 255);\"><a href=\"http:\/\/lex.justice.md\/md\/344149\/\" target=\"_blank\" rel=\"noopener noreferrer\" style=\"color: rgb(51, 51, 51); line-height: 18px; margin-bottom: 0px;\">Legea privind incluziunea social\u0103 a persoanelor cu dizabilit\u0103\u0163i nr.60 din 30 martie 2012<\/a>, Monitorul Oficial al Republicii Moldova, 27.07.2012, nr.155-159\/508<\/h3><h3 style=\"font-family: &quot;Arimo&amp;subset=latin-ext&quot;, sans-serif; font-weight: 500; line-height: 18px; color: rgb(48, 48, 48); margin-top: 20px; margin-bottom: 10px; font-size: 14px; background-color: rgb(255, 255, 255);\"><a href=\"http:\/\/lex.justice.md\/viewdoc.php?action=view&amp;view=doc&amp;id=344610&amp;lang=1\" target=\"_blank\" rel=\"noopener noreferrer\" style=\"color: rgb(51, 51, 51); line-height: 18px; margin-bottom: 0px;\">Legea privind acreditarea prestatorilor de servicii sociale nr.129 din 08.06.2012<\/a>, Monitorul Oficial al Republicii Moldova, 31.08.2012, nr.181-184\/593<\/h3><h3 style=\"font-family: &quot;Arimo&amp;subset=latin-ext&quot;, sans-serif; font-weight: 500; line-height: 18px; color: rgb(48, 48, 48); margin-top: 20px; margin-bottom: 10px; font-size: 14px; background-color: rgb(255, 255, 255);\"><a href=\"http:\/\/lex.justice.md\/index.php?action=view&amp;view=doc&amp;id=313082\" target=\"_blank\" rel=\"noopener noreferrer\" style=\"color: rgb(51, 51, 51); line-height: 18px; margin-bottom: 0px;\">Legea nr. 289-XV \u2013 privind indemniza\u0163iile pentru incapacitate temporar\u0103 de munc\u0103 \u015fi alte presta\u0163ii de asigur\u0103ri sociale<\/a><\/h3><h3 style=\"font-family: &quot;Arimo&amp;subset=latin-ext&quot;, sans-serif; font-weight: 500; line-height: 18px; color: rgb(48, 48, 48); margin-top: 20px; margin-bottom: 10px; font-size: 14px; background-color: rgb(255, 255, 255);\"><a href=\"http:\/\/lex.justice.md\/document_rom.php?id=75069777:E0EFA60F\" target=\"_blank\" rel=\"noopener noreferrer\" style=\"color: rgb(51, 51, 51); line-height: 18px; margin-bottom: 0px;\">Legea nr.324-XV \u2013 pentru modificarea Legii nr. 156-XIV din 14 octombrie 1998 privind pensiile de asigur\u0103ri sociale de stat<\/a><\/h3><p style=\"margin-right: 0px; margin-bottom: 10px; margin-left: 0px; font-family: &quot;Arimo&amp;subset=latin-ext&quot;, sans-serif; color: rgb(100, 100, 100); font-size: 15px; background-color: rgb(255, 255, 255);\">&nbsp;<\/p><h2 style=\"font-family: &quot;Arimo&amp;subset=latin-ext&quot;, sans-serif; font-weight: 500; line-height: 28px; color: rgb(66, 129, 196); margin-top: 20px; margin-bottom: 10px; font-size: 24px; background-color: rgb(255, 255, 255);\">Strategii:<\/h2><h3 style=\"font-family: &quot;Arimo&amp;subset=latin-ext&quot;, sans-serif; font-weight: 500; line-height: 18px; color: rgb(48, 48, 48); margin-top: 20px; margin-bottom: 10px; font-size: 14px; background-color: rgb(255, 255, 255);\"><a href=\"http:\/\/lex.justice.md\/index.php?action=view&amp;view=doc&amp;lang=1&amp;id=336276\" target=\"_blank\" rel=\"noopener noreferrer\" style=\"color: rgb(51, 51, 51); line-height: 18px; margin-bottom: 0px;\">Strategia privind incluziunea social\u0103 a persoanelor cu dizabilit\u0103\u0163i (2010\u20132013)<\/a><\/h3><h3 style=\"font-family: &quot;Arimo&amp;subset=latin-ext&quot;, sans-serif; font-weight: 500; line-height: 18px; color: rgb(48, 48, 48); margin-top: 20px; margin-bottom: 10px; font-size: 14px; background-color: rgb(255, 255, 255);\"><a href=\"http:\/\/particip.gov.md\/public\/documente\/139\/ro_3477_strategie.pdf\" target=\"_blank\" rel=\"noopener noreferrer\" style=\"color: rgb(51, 51, 51); line-height: 18px; margin-bottom: 0px;\">Proiectul strategiei na\u021bionale de ocupare a for\u021bei de munc\u0103<\/a><\/h3><h3 style=\"font-family: &quot;Arimo&amp;subset=latin-ext&quot;, sans-serif; font-weight: 500; line-height: 18px; color: rgb(48, 48, 48); margin-top: 20px; margin-bottom: 10px; font-size: 14px; background-color: rgb(255, 255, 255);\"><a href=\"http:\/\/lex.justice.md\/index.php?action=view&amp;view=doc&amp;lang=1&amp;id=355494\" target=\"_blank\" rel=\"noopener noreferrer\" style=\"color: rgb(51, 51, 51); line-height: 18px; margin-bottom: 0px;\">Strategia de dezvoltare a educa\u0163iei pentru anii 2014-2020 \u201eEduca\u0163ia-2020\u201d (vezi HG nr. 944 din 14.11.2014)<\/a><\/h3><p style=\"margin-right: 0px; margin-bottom: 10px; margin-left: 0px; font-family: &quot;Arimo&amp;subset=latin-ext&quot;, sans-serif; color: rgb(100, 100, 100); font-size: 15px; background-color: rgb(255, 255, 255);\">&nbsp;<\/p><h2 style=\"font-family: &quot;Arimo&amp;subset=latin-ext&quot;, sans-serif; font-weight: 500; line-height: 28px; color: rgb(66, 129, 196); margin-top: 20px; margin-bottom: 10px; font-size: 24px; background-color: rgb(255, 255, 255);\">Hot\u0103r\u00eeri:<\/h2><h3 style=\"font-family: &quot;Arimo&amp;subset=latin-ext&quot;, sans-serif; font-weight: 500; line-height: 18px; color: rgb(48, 48, 48); margin-top: 20px; margin-bottom: 10px; font-size: 14px; background-color: rgb(255, 255, 255);\"><a href=\"http:\/\/lex.justice.md\/viewdoc.php?action=view&amp;view=doc&amp;id=339343&amp;lang=1\" target=\"_blank\" rel=\"noopener noreferrer\" style=\"color: rgb(51, 51, 51); line-height: 18px; margin-bottom: 0px;\">Hot\u0103r\u00e2rea Guvernului nr.523 din 11.07.2011 cu privire la aprobarea Programului de dezvoltare a educa\u0163iei incluzive \u00een Republica Moldova pentru anii 2011-2020<\/a>, Monitorul Republicii Moldova, 15.07.2011, nr.114-116\/58<\/h3><h3 style=\"font-family: &quot;Arimo&amp;subset=latin-ext&quot;, sans-serif; font-weight: 500; line-height: 18px; color: rgb(48, 48, 48); margin-top: 20px; margin-bottom: 10px; font-size: 14px; background-color: rgb(255, 255, 255);\"><a href=\"http:\/\/lex.justice.md\/md\/346508\/\" target=\"_blank\" rel=\"noopener noreferrer\" style=\"color: rgb(51, 51, 51); line-height: 18px; margin-bottom: 0px;\">Hot\u0103r\u00e2rea Guvernului Republicii Moldova nr.65 din 23.01.2013 cu privire la determinarea dizabilit\u0103\u021bii \u015fi capacit\u0103\u0163ii de munc\u0103<\/a>, Monitorul Oficial, 25.01.2013, nr.18-21\/104<\/h3><h3 style=\"font-family: &quot;Arimo&amp;subset=latin-ext&quot;, sans-serif; font-weight: 500; line-height: 18px; color: rgb(48, 48, 48); margin-top: 20px; margin-bottom: 10px; font-size: 14px; background-color: rgb(255, 255, 255);\"><a href=\"http:\/\/lex.justice.md\/index.php?action=view&amp;view=doc&amp;lang=1&amp;id=366676\" target=\"_blank\" rel=\"noopener noreferrer\" style=\"color: rgb(51, 51, 51); line-height: 18px; margin-bottom: 0px;\">Hot\u0103r\u00e2rea Guvernului nr. 1033 din 08.09.2016 cu privire la aprobarea Setului de indicatori pentru monitorizarea implement\u0103rii Conven\u0163iei ONU privind drepturile persoanelor cu dizabilit\u0103\u0163i<\/a><\/h3><h3 style=\"font-family: &quot;Arimo&amp;subset=latin-ext&quot;, sans-serif; font-weight: 500; line-height: 18px; color: rgb(48, 48, 48); margin-top: 20px; margin-bottom: 10px; font-size: 14px; background-color: rgb(255, 255, 255);\"><a href=\"http:\/\/lex.justice.md\/md\/349661\/\" target=\"_blank\" rel=\"noopener noreferrer\" style=\"color: rgb(51, 51, 51); line-height: 18px; margin-bottom: 0px;\">Hot\u0103r\u00eerea Nr. 732 din&nbsp; 16.09.2013 cu privire la Centrul Republican de Asisten\u0163\u0103 Psihopedagogic\u0103 \u015fi Serviciul raional\/municipal de asisten\u0163\u0103 psihopedagogic\u0103<\/a><\/h3><p style=\"margin-right: 0px; margin-bottom: 10px; margin-left: 0px; font-family: &quot;Arimo&amp;subset=latin-ext&quot;, sans-serif; color: rgb(100, 100, 100); font-size: 15px; background-color: rgb(255, 255, 255);\">&nbsp;<\/p><h2 style=\"font-family: &quot;Arimo&amp;subset=latin-ext&quot;, sans-serif; font-weight: 500; line-height: 28px; color: rgb(66, 129, 196); margin-top: 20px; margin-bottom: 10px; font-size: 24px; background-color: rgb(255, 255, 255);\">Ordine:<\/h2><h3 style=\"font-family: &quot;Arimo&amp;subset=latin-ext&quot;, sans-serif; font-weight: 500; line-height: 18px; color: rgb(48, 48, 48); margin-top: 20px; margin-bottom: 10px; font-size: 14px; background-color: rgb(255, 255, 255);\"><a href=\"http:\/\/www.mmpsf.gov.md\/sites\/default\/files\/legislation\/ordin_13_71_41.pdf\" target=\"_blank\" rel=\"noopener noreferrer\" style=\"color: rgb(51, 51, 51); line-height: 18px; margin-bottom: 0px;\">Ordinul comun al MMPSF, MS \u0219i ME nr. 13\/71\/41 din 28.01.2013 \u201eCu privire la aprobarea criteriilor de determinare a dizabilit\u0103\u021bii la copii \u00een v\u00e2rst\u0103 de p\u00e2n\u0103 la 18 ani\u201d<\/a><\/h3><h3 style=\"font-family: &quot;Arimo&amp;subset=latin-ext&quot;, sans-serif; font-weight: 500; line-height: 18px; color: rgb(48, 48, 48); margin-top: 20px; margin-bottom: 10px; font-size: 14px; background-color: rgb(255, 255, 255);\"><a href=\"http:\/\/www.cnms.md\/sites\/default\/files\/Ordin%20MS%20nr.1000%20din%2008.10.2012%20Cu%20privire%20la%20aprobarea%20standardelor%20de%20supraveghere%20a%20copiilor%20%C3%AEn%20condi%C5%A3ii%20de%20ambulator%20%C5%9Fi%20a%20Carnetului%20de%20dezvoltare%20a%20copilului_0.pdf\" target=\"_blank\" rel=\"noopener noreferrer\" style=\"color: rgb(51, 51, 51); line-height: 18px; margin-bottom: 0px;\">Ordinul MS nr. 587 din 22.05.2013 Cu privire la aprobarea trimiterii la Consiliul pentru determinarea dizabilitatii si capacitatii de munca, formular nr. 088-e<\/a><\/h3><h3 style=\"font-family: &quot;Arimo&amp;subset=latin-ext&quot;, sans-serif; font-weight: 500; line-height: 18px; color: rgb(48, 48, 48); margin-top: 20px; font-size: 14px; background-color: rgb(255, 255, 255);\"><a href=\"http:\/\/www.cnms.md\/sites\/default\/files\/Ordin%20MS%20nr.1000%20din%2008.10.2012%20Cu%20privire%20la%20aprobarea%20standardelor%20de%20supraveghere%20a%20copiilor%20%C3%AEn%20condi%C5%A3ii%20de%20ambulator%20%C5%9Fi%20a%20Carnetului%20de%20dezvoltare%20a%20copilului_0.pdf\" target=\"_blank\" rel=\"noopener noreferrer\" style=\"color: rgb(51, 51, 51); line-height: 18px; margin-bottom: 0px;\">Ordin MS nr.1000 din 08.10.2012 Cu privire la aprobarea standardelor de supraveghere a copiilor \u00een condi\u0163ii de ambulator \u015fi a Carnetului de dezvoltare a copilului<\/a><\/h3>\t\t\t\t\t\t<\/div>\n\t\t\t\t<\/div>\n\t\t\t\t\t<\/div>\n\t\t<\/div>\n\t\t\t\t\t\t\t<\/div>\n\t\t<\/section>\n\t\t\t\t\t\t\t<\/div>","protected":false},"excerpt":{"rendered":"<p>Legi: Legea asisten\u021bei sociale nr.547 din 25.12.2003, Monitorul Oficial al Republicii Moldova, 12.03.2004, nr.042\/249 Legea privind incluziunea social\u0103 a persoanelor cu dizabilit\u0103\u0163i nr.60 din 30 martie 2012, Monitorul Oficial al Republicii Moldova, 27.07.2012, nr.155-159\/508 Legea privind acreditarea prestatorilor de servicii sociale nr.129 din 08.06.2012, Monitorul Oficial al Republicii Moldova, 31.08.2012, nr.181-184\/593 Legea nr. 289-XV \u2013 [&hellip;]<\/p>","protected":false},"author":1,"featured_media":0,"parent":0,"menu_order":0,"comment_status":"closed","ping_status":"closed","template":"","meta":{"_mi_skip_tracking":false,"_monsterinsights_sitenote_active":false,"_monsterinsights_sitenote_note":"","_monsterinsights_sitenote_category":0,"footnotes":""},"class_list":["post-4586","page","type-page","status-publish","hentry"],"aioseo_notices":[],"_links":{"self":[{"href":"https:\/\/autismhope.md\/ru\/wp-json\/wp\/v2\/pages\/4586","targetHints":{"allow":["GET"]}}],"collection":[{"href":"https:\/\/autismhope.md\/ru\/wp-json\/wp\/v2\/pages"}],"about":[{"href":"https:\/\/autismhope.md\/ru\/wp-json\/wp\/v2\/types\/page"}],"author":[{"embeddable":true,"href":"https:\/\/autismhope.md\/ru\/wp-json\/wp\/v2\/users\/1"}],"replies":[{"embeddable":true,"href":"https:\/\/autismhope.md\/ru\/wp-json\/wp\/v2\/comments?post=4586"}],"version-history":[{"count":4,"href":"https:\/\/autismhope.md\/ru\/wp-json\/wp\/v2\/pages\/4586\/revisions"}],"predecessor-version":[{"id":4590,"href":"https:\/\/autismhope.md\/ru\/wp-json\/wp\/v2\/pages\/4586\/revisions\/4590"}],"wp:attachment":[{"href":"https:\/\/autismhope.md\/ru\/wp-json\/wp\/v2\/media?parent=4586"}],"curies":[{"name":"wp","href":"https:\/\/api.w.org\/{rel}","templated":true}]}}