{"id":4000,"date":"2021-09-14T22:18:31","date_gmt":"2021-09-14T20:18:31","guid":{"rendered":"https:\/\/autismhope.md\/?page_id=4000"},"modified":"2021-09-15T08:52:51","modified_gmt":"2021-09-15T06:52:51","slug":"tipuri-de-terapie","status":"publish","type":"page","link":"https:\/\/autismhope.md\/ru\/tipuri-de-terapie\/","title":{"rendered":"Tipuri de terapie"},"content":{"rendered":"<div data-elementor-type=\"wp-page\" data-elementor-id=\"4000\" class=\"elementor elementor-4000\">\n\t\t\t\t\t\t\t\t\t<section class=\"elementor-section elementor-top-section elementor-element elementor-element-6bc2525 elementor-section-boxed elementor-section-height-default elementor-section-height-default\" data-id=\"6bc2525\" data-element_type=\"section\">\n\t\t\t\t\t\t<div class=\"elementor-container elementor-column-gap-default\">\n\t\t\t\t\t<div class=\"elementor-column elementor-col-100 elementor-top-column elementor-element elementor-element-2d489c6\" data-id=\"2d489c6\" data-element_type=\"column\">\n\t\t\t<div class=\"elementor-widget-wrap elementor-element-populated\">\n\t\t\t\t\t\t\t\t<div class=\"elementor-element elementor-element-eefdcb5 elementor-widget elementor-widget-heading\" data-id=\"eefdcb5\" data-element_type=\"widget\" data-widget_type=\"heading.default\">\n\t\t\t\t<div class=\"elementor-widget-container\">\n\t\t\t<style>\/*! elementor - v3.15.0 - 20-08-2023 *\/\n.elementor-heading-title{padding:0;margin:0;line-height:1}.elementor-widget-heading .elementor-heading-title[class*=elementor-size-]>a{color:inherit;font-size:inherit;line-height:inherit}.elementor-widget-heading .elementor-heading-title.elementor-size-small{font-size:15px}.elementor-widget-heading .elementor-heading-title.elementor-size-medium{font-size:19px}.elementor-widget-heading .elementor-heading-title.elementor-size-large{font-size:29px}.elementor-widget-heading .elementor-heading-title.elementor-size-xl{font-size:39px}.elementor-widget-heading .elementor-heading-title.elementor-size-xxl{font-size:59px}<\/style><h3 class=\"elementor-heading-title elementor-size-default\">Tipuri De Terapie<\/h3>\t\t<\/div>\n\t\t\t\t<\/div>\n\t\t\t\t<div class=\"elementor-element elementor-element-b670f6e elementor-widget-divider--view-line elementor-widget elementor-widget-divider\" data-id=\"b670f6e\" data-element_type=\"widget\" data-widget_type=\"divider.default\">\n\t\t\t\t<div class=\"elementor-widget-container\">\n\t\t\t<style>\/*! elementor - v3.15.0 - 20-08-2023 *\/\n.elementor-widget-divider{--divider-border-style:none;--divider-border-width:1px;--divider-color:#0c0d0e;--divider-icon-size:20px;--divider-element-spacing:10px;--divider-pattern-height:24px;--divider-pattern-size:20px;--divider-pattern-url:none;--divider-pattern-repeat:repeat-x}.elementor-widget-divider .elementor-divider{display:flex}.elementor-widget-divider .elementor-divider__text{font-size:15px;line-height:1;max-width:95%}.elementor-widget-divider .elementor-divider__element{margin:0 var(--divider-element-spacing);flex-shrink:0}.elementor-widget-divider .elementor-icon{font-size:var(--divider-icon-size)}.elementor-widget-divider .elementor-divider-separator{display:flex;margin:0;direction:ltr}.elementor-widget-divider--view-line_icon .elementor-divider-separator,.elementor-widget-divider--view-line_text .elementor-divider-separator{align-items:center}.elementor-widget-divider--view-line_icon .elementor-divider-separator:after,.elementor-widget-divider--view-line_icon .elementor-divider-separator:before,.elementor-widget-divider--view-line_text .elementor-divider-separator:after,.elementor-widget-divider--view-line_text .elementor-divider-separator:before{display:block;content:\"\";border-bottom:0;flex-grow:1;border-top:var(--divider-border-width) var(--divider-border-style) var(--divider-color)}.elementor-widget-divider--element-align-left .elementor-divider .elementor-divider-separator>.elementor-divider__svg:first-of-type{flex-grow:0;flex-shrink:100}.elementor-widget-divider--element-align-left .elementor-divider-separator:before{content:none}.elementor-widget-divider--element-align-left .elementor-divider__element{margin-left:0}.elementor-widget-divider--element-align-right .elementor-divider .elementor-divider-separator>.elementor-divider__svg:last-of-type{flex-grow:0;flex-shrink:100}.elementor-widget-divider--element-align-right .elementor-divider-separator:after{content:none}.elementor-widget-divider--element-align-right .elementor-divider__element{margin-right:0}.elementor-widget-divider:not(.elementor-widget-divider--view-line_text):not(.elementor-widget-divider--view-line_icon) .elementor-divider-separator{border-top:var(--divider-border-width) var(--divider-border-style) var(--divider-color)}.elementor-widget-divider--separator-type-pattern{--divider-border-style:none}.elementor-widget-divider--separator-type-pattern.elementor-widget-divider--view-line .elementor-divider-separator,.elementor-widget-divider--separator-type-pattern:not(.elementor-widget-divider--view-line) .elementor-divider-separator:after,.elementor-widget-divider--separator-type-pattern:not(.elementor-widget-divider--view-line) .elementor-divider-separator:before,.elementor-widget-divider--separator-type-pattern:not([class*=elementor-widget-divider--view]) .elementor-divider-separator{width:100%;min-height:var(--divider-pattern-height);-webkit-mask-size:var(--divider-pattern-size) 100%;mask-size:var(--divider-pattern-size) 100%;-webkit-mask-repeat:var(--divider-pattern-repeat);mask-repeat:var(--divider-pattern-repeat);background-color:var(--divider-color);-webkit-mask-image:var(--divider-pattern-url);mask-image:var(--divider-pattern-url)}.elementor-widget-divider--no-spacing{--divider-pattern-size:auto}.elementor-widget-divider--bg-round{--divider-pattern-repeat:round}.rtl .elementor-widget-divider .elementor-divider__text{direction:rtl}.e-con-inner>.elementor-widget-divider,.e-con>.elementor-widget-divider{width:var(--container-widget-width,100%);--flex-grow:var(--container-widget-flex-grow)}<\/style>\t\t<div class=\"elementor-divider\">\n\t\t\t<span class=\"elementor-divider-separator\">\n\t\t\t\t\t\t<\/span>\n\t\t<\/div>\n\t\t\t\t<\/div>\n\t\t\t\t<\/div>\n\t\t\t\t\t<\/div>\n\t\t<\/div>\n\t\t\t\t\t\t\t<\/div>\n\t\t<\/section>\n\t\t\t\t<section class=\"elementor-section elementor-top-section elementor-element elementor-element-800272f elementor-section-boxed elementor-section-height-default elementor-section-height-default\" data-id=\"800272f\" data-element_type=\"section\">\n\t\t\t\t\t\t<div class=\"elementor-container elementor-column-gap-default\">\n\t\t\t\t\t<div class=\"elementor-column elementor-col-100 elementor-top-column elementor-element elementor-element-37d6590\" data-id=\"37d6590\" data-element_type=\"column\">\n\t\t\t<div class=\"elementor-widget-wrap elementor-element-populated\">\n\t\t\t\t\t\t\t\t<div class=\"elementor-element elementor-element-8e67d88 elementor-grid-4 elementor-grid-tablet-2 elementor-grid-mobile-1 elementor-posts--thumbnail-top elementor-widget elementor-widget-posts\" data-id=\"8e67d88\" data-element_type=\"widget\" data-settings=\"{&quot;pagination_type&quot;:&quot;numbers_and_prev_next&quot;,&quot;classic_columns&quot;:&quot;4&quot;,&quot;classic_columns_tablet&quot;:&quot;2&quot;,&quot;classic_columns_mobile&quot;:&quot;1&quot;,&quot;classic_row_gap&quot;:{&quot;unit&quot;:&quot;px&quot;,&quot;size&quot;:35,&quot;sizes&quot;:[]}}\" data-widget_type=\"posts.classic\">\n\t\t\t\t<div class=\"elementor-widget-container\">\n\t\t\t<link rel=\"stylesheet\" href=\"https:\/\/autismhope.md\/wp-content\/plugins\/elementor-pro\/assets\/css\/widget-posts.min.css\">\t\t<div class=\"elementor-posts-container elementor-posts elementor-posts--skin-classic elementor-grid\">\n\t\t\t\t<article class=\"elementor-post elementor-grid-item post-4032 post type-post status-publish format-standard has-post-thumbnail hentry category-tipuri-de-terapie\">\n\t\t\t\t<a class=\"elementor-post__thumbnail__link\" href=\"https:\/\/autismhope.md\/ru\/2020\/09\/15\/terapie-aba\/\" >\n\t\t\t<div class=\"elementor-post__thumbnail\"><img loading=\"lazy\" decoding=\"async\" width=\"300\" height=\"191\" src=\"https:\/\/autismhope.md\/wp-content\/uploads\/2021\/09\/terapie_ABA-300x191.jpg\" class=\"attachment-medium size-medium wp-image-4033\" alt=\"\" srcset=\"https:\/\/autismhope.md\/wp-content\/uploads\/2021\/09\/terapie_ABA-300x191.jpg 300w, https:\/\/autismhope.md\/wp-content\/uploads\/2021\/09\/terapie_ABA-18x12.jpg 18w, https:\/\/autismhope.md\/wp-content\/uploads\/2021\/09\/terapie_ABA.jpg 768w\" sizes=\"auto, (max-width: 300px) 100vw, 300px\" \/><\/div>\n\t\t<\/a>\n\t\t\t\t<div class=\"elementor-post__text\">\n\t\t\t\t<h3 class=\"elementor-post__title\">\n\t\t\t<a href=\"https:\/\/autismhope.md\/ru\/2020\/09\/15\/terapie-aba\/\" >\n\t\t\t\tTerapie ABA\t\t\t<\/a>\n\t\t<\/h3>\n\t\t\t\t<div class=\"elementor-post__meta-data\">\n\t\t\t\t\t<span class=\"elementor-post-date\">\n\t\t\t15 \u0441\u0435\u043d\u0442\u044f\u0431\u0440\u044f 2020\t\t<\/span>\n\t\t\t\t<\/div>\n\t\t\t\t<div class=\"elementor-post__excerpt\">\n\t\t\t<p>Applied Behavioral Analysis (ABA) &#8211; Analiza Aplicat\u00e3 a Comportamentului&nbsp;este o tehnic\u0103 folosit\u0103 \u00een tratamentul copiilor diagnostica\u021bi cu autism. \u00cen cadrul prezent\u0103rii acestei metode s-a pornit<\/p>\n\t\t<\/div>\n\t\t\t\t<\/div>\n\t\t\t\t<\/article>\n\t\t\t\t<article class=\"elementor-post elementor-grid-item post-4064 post type-post status-publish format-standard has-post-thumbnail hentry category-tipuri-de-terapie\">\n\t\t\t\t<a class=\"elementor-post__thumbnail__link\" href=\"https:\/\/autismhope.md\/ru\/2020\/09\/15\/kinetoterapie\/\" >\n\t\t\t<div class=\"elementor-post__thumbnail\"><img loading=\"lazy\" decoding=\"async\" width=\"300\" height=\"191\" src=\"https:\/\/autismhope.md\/wp-content\/uploads\/2021\/09\/Kinetoterapie-300x191.jpg\" class=\"attachment-medium size-medium wp-image-4066\" alt=\"\" srcset=\"https:\/\/autismhope.md\/wp-content\/uploads\/2021\/09\/Kinetoterapie-300x191.jpg 300w, https:\/\/autismhope.md\/wp-content\/uploads\/2021\/09\/Kinetoterapie-18x12.jpg 18w, https:\/\/autismhope.md\/wp-content\/uploads\/2021\/09\/Kinetoterapie.jpg 768w\" sizes=\"auto, (max-width: 300px) 100vw, 300px\" \/><\/div>\n\t\t<\/a>\n\t\t\t\t<div class=\"elementor-post__text\">\n\t\t\t\t<h3 class=\"elementor-post__title\">\n\t\t\t<a href=\"https:\/\/autismhope.md\/ru\/2020\/09\/15\/kinetoterapie\/\" >\n\t\t\t\tKinetoterapie\t\t\t<\/a>\n\t\t<\/h3>\n\t\t\t\t<div class=\"elementor-post__meta-data\">\n\t\t\t\t\t<span class=\"elementor-post-date\">\n\t\t\t15 \u0441\u0435\u043d\u0442\u044f\u0431\u0440\u044f 2020\t\t<\/span>\n\t\t\t\t<\/div>\n\t\t\t\t<div class=\"elementor-post__excerpt\">\n\t\t\t<p>Interven\u0163ia \u00een cazul copilului autism const\u0103 \u00een: diagnosticarea precoce, interven\u0163ia terapeutic\u0103, logopedic\u0103, kinetoterapeutic\u0103 timpurie. Este recomandat s\u0103 v\u0103 prezenta\u0163i la o evaluare kinetoterapeutic\u0103 dac\u0103 copilul<\/p>\n\t\t<\/div>\n\t\t\t\t<\/div>\n\t\t\t\t<\/article>\n\t\t\t\t<article class=\"elementor-post elementor-grid-item post-4081 post type-post status-publish format-standard has-post-thumbnail hentry category-tipuri-de-terapie\">\n\t\t\t\t<a class=\"elementor-post__thumbnail__link\" href=\"https:\/\/autismhope.md\/ru\/2020\/09\/15\/logopedie\/\" >\n\t\t\t<div class=\"elementor-post__thumbnail\"><img loading=\"lazy\" decoding=\"async\" width=\"300\" height=\"191\" src=\"https:\/\/autismhope.md\/wp-content\/uploads\/2021\/09\/logopedie-300x191.jpg\" class=\"attachment-medium size-medium wp-image-4084\" alt=\"\" srcset=\"https:\/\/autismhope.md\/wp-content\/uploads\/2021\/09\/logopedie-300x191.jpg 300w, https:\/\/autismhope.md\/wp-content\/uploads\/2021\/09\/logopedie-18x12.jpg 18w, https:\/\/autismhope.md\/wp-content\/uploads\/2021\/09\/logopedie.jpg 768w\" sizes=\"auto, (max-width: 300px) 100vw, 300px\" \/><\/div>\n\t\t<\/a>\n\t\t\t\t<div class=\"elementor-post__text\">\n\t\t\t\t<h3 class=\"elementor-post__title\">\n\t\t\t<a href=\"https:\/\/autismhope.md\/ru\/2020\/09\/15\/logopedie\/\" >\n\t\t\t\tLogopedie\t\t\t<\/a>\n\t\t<\/h3>\n\t\t\t\t<div class=\"elementor-post__meta-data\">\n\t\t\t\t\t<span class=\"elementor-post-date\">\n\t\t\t15 \u0441\u0435\u043d\u0442\u044f\u0431\u0440\u044f 2020\t\t<\/span>\n\t\t\t\t<\/div>\n\t\t\t\t<div class=\"elementor-post__excerpt\">\n\t\t\t<p>R-ul ,,Bucluca\u0219\u2019\u2019. Consoana lingual\u0103 vibrant\u0103 A fost odat\u0103 ca niciodat\u0103 \u00een Dic\u021bionarul Limbii Rom\u00e2ne Moderne, \u201erotacismul\u2019\u2019, care este un fenomen fonetic, const\u00e2nd \u00een transformarea unei<\/p>\n\t\t<\/div>\n\t\t\t\t<\/div>\n\t\t\t\t<\/article>\n\t\t\t\t<article class=\"elementor-post elementor-grid-item post-4071 post type-post status-publish format-standard has-post-thumbnail hentry category-tipuri-de-terapie\">\n\t\t\t\t<a class=\"elementor-post__thumbnail__link\" href=\"https:\/\/autismhope.md\/ru\/2020\/09\/15\/integrare-senzoriala\/\" >\n\t\t\t<div class=\"elementor-post__thumbnail\"><img loading=\"lazy\" decoding=\"async\" width=\"300\" height=\"230\" src=\"https:\/\/autismhope.md\/wp-content\/uploads\/2021\/09\/help-declinari-05-300x230.png\" class=\"attachment-medium size-medium wp-image-4079\" alt=\"\" srcset=\"https:\/\/autismhope.md\/wp-content\/uploads\/2021\/09\/help-declinari-05-300x230.png 300w, https:\/\/autismhope.md\/wp-content\/uploads\/2021\/09\/help-declinari-05-16x12.png 16w, https:\/\/autismhope.md\/wp-content\/uploads\/2021\/09\/help-declinari-05.png 719w\" sizes=\"auto, (max-width: 300px) 100vw, 300px\" \/><\/div>\n\t\t<\/a>\n\t\t\t\t<div class=\"elementor-post__text\">\n\t\t\t\t<h3 class=\"elementor-post__title\">\n\t\t\t<a href=\"https:\/\/autismhope.md\/ru\/2020\/09\/15\/integrare-senzoriala\/\" >\n\t\t\t\tIntegrare senzorial\u0103\t\t\t<\/a>\n\t\t<\/h3>\n\t\t\t\t<div class=\"elementor-post__meta-data\">\n\t\t\t\t\t<span class=\"elementor-post-date\">\n\t\t\t15 \u0441\u0435\u043d\u0442\u044f\u0431\u0440\u044f 2020\t\t<\/span>\n\t\t\t\t<\/div>\n\t\t\t\t<div class=\"elementor-post__excerpt\">\n\t\t\t<p>Copilul t\u0103u reac\u021bioneaz\u0103 agresiv sau nu \u0219tie s\u0103-\u0219i gestioneaze emo\u021biile atunci c\u00e2nd este atins? Are dificult\u0103\u021bi atunci c\u00e2nd trebuie s\u0103 realizeze activit\u0103\u021bi de autoservire (\u00eembr\u0103cat,<\/p>\n\t\t<\/div>\n\t\t\t\t<\/div>\n\t\t\t\t<\/article>\n\t\t\t\t<\/div>\n\n\n\t\t\n\t\t\t\t<\/div>\n\t\t\t\t<\/div>\n\t\t\t\t\t<\/div>\n\t\t<\/div>\n\t\t\t\t\t\t\t<\/div>\n\t\t<\/section>\n\t\t\t\t\t\t\t<\/div>","protected":false},"excerpt":{"rendered":"<p>Tipuri De Terapie<\/p>","protected":false},"author":1,"featured_media":0,"parent":0,"menu_order":0,"comment_status":"closed","ping_status":"closed","template":"","meta":{"_mi_skip_tracking":false,"_monsterinsights_sitenote_active":false,"_monsterinsights_sitenote_note":"","_monsterinsights_sitenote_category":0,"footnotes":""},"class_list":["post-4000","page","type-page","status-publish","hentry"],"aioseo_notices":[],"_links":{"self":[{"href":"https:\/\/autismhope.md\/ru\/wp-json\/wp\/v2\/pages\/4000","targetHints":{"allow":["GET"]}}],"collection":[{"href":"https:\/\/autismhope.md\/ru\/wp-json\/wp\/v2\/pages"}],"about":[{"href":"https:\/\/autismhope.md\/ru\/wp-json\/wp\/v2\/types\/page"}],"author":[{"embeddable":true,"href":"https:\/\/autismhope.md\/ru\/wp-json\/wp\/v2\/users\/1"}],"replies":[{"embeddable":true,"href":"https:\/\/autismhope.md\/ru\/wp-json\/wp\/v2\/comments?post=4000"}],"version-history":[{"count":10,"href":"https:\/\/autismhope.md\/ru\/wp-json\/wp\/v2\/pages\/4000\/revisions"}],"predecessor-version":[{"id":4111,"href":"https:\/\/autismhope.md\/ru\/wp-json\/wp\/v2\/pages\/4000\/revisions\/4111"}],"wp:attachment":[{"href":"https:\/\/autismhope.md\/ru\/wp-json\/wp\/v2\/media?parent=4000"}],"curies":[{"name":"wp","href":"https:\/\/api.w.org\/{rel}","templated":true}]}}