{"id":1881,"date":"2021-02-10T10:50:26","date_gmt":"2021-02-10T10:50:26","guid":{"rendered":"http:\/\/www.codexcoder.com\/demos\/lonelypro\/main\/?page_id=1881"},"modified":"2022-07-12T15:20:51","modified_gmt":"2022-07-12T13:20:51","slug":"about","status":"publish","type":"page","link":"https:\/\/autismhope.md\/ru\/about\/","title":{"rendered":"About"},"content":{"rendered":"<p><a href=\"https:\/\/www.facebook.com\/autismhope.md\/\" target=\"_blank\" rel=\"noopener\"><br \/>\nFacebook<br \/>\n<\/a><br \/>\n<a target=\"_blank\" rel=\"noopener\"><br \/>\nVk<br \/>\n<\/a><br \/>\n<a target=\"_blank\" rel=\"noopener\"><br \/>\nYoutube<br \/>\n<\/a><\/p>\n<h2>\u041e \u041d\u0430\u0441<\/h2>\n<h3>AUTISM HOPE<\/h3>\n<p>A.O. \u201eAutism Hope\u201d este o asocia\u021bie ob\u0219teasc\u0103 neguvernamental\u0103, apolitic\u0103, nonprofit, \u00eenfiin\u021bat\u0103 de p\u0103rin\u021bii copiilor cu autism din mun. B\u0103l\u021bi, cu scopul de a sus\u021bine \u0219i a oferi sprijin copiilor cu TSA \u0219i familiilor acestora.<\/p>\n<p><strong>Misiunea:<\/strong> Acord\u0103m suport pentru recuperarea \u0219i integrarea persoanelor cu autism din mun. B\u0103l\u021bi \u0219i Nordul Moldovei.<\/p>\n<p><strong>Viziunea:<\/strong> Tindem spre faptul ca peste 20 de ani \u00een Republica Moldova s\u0103 existe o incluziune social\u0103, economic\u0103 \u0219i cultural\u0103 real\u0103 a persoanelor cu Tulbur\u0103ri din Spectrul Autist.<\/p>\n<p><a role=\"button\" href=\"#\"><br \/>\nDoneaz\u0103<br \/>\n<\/a><br \/>\n<a href=\"#\"><br \/>\n<\/a><\/p>\n<h3><a href=\"#\"><br \/>\nCampanii <\/a><\/h3>\n<p>Campanii Sociale<\/p>\n<p><a href=\"#\">\u00a0<\/a><\/p>\n<h3><a href=\"#\"><br \/>\nProiecte <\/a><\/h3>\n<p>Proiecte Sociale<\/p>\n<p><a href=\"#\">\u00a0<\/a><\/p>\n<h3><a href=\"#\"><br \/>\nServicii <\/a><\/h3>\n<p>Servicii Sociale<\/p>\n<p><a href=\"#\">\u00a0<\/a><\/p>\n<h3><a href=\"#\"><br \/>\nEvenimente <\/a><\/h3>\n<p>Evenimente Cu Impact Social<\/p>","protected":false},"excerpt":{"rendered":"<p>Facebook Vk Youtube Cine Suntem AUTISM HOPE A.O. \u201eAutism Hope\u201d este o asocia\u021bie ob\u0219teasc\u0103 neguvernamental\u0103, apolitic\u0103, nonprofit, \u00eenfiin\u021bat\u0103 de p\u0103rin\u021bii copiilor cu autism din mun. B\u0103l\u021bi, cu scopul de a sus\u021bine \u0219i a oferi sprijin copiilor cu TSA \u0219i familiilor acestora. Misiunea: Acord\u0103m suport pentru recuperarea \u0219i integrarea persoanelor cu autism din mun. B\u0103l\u021bi \u0219i [&hellip;]<\/p>","protected":false},"author":1,"featured_media":0,"parent":0,"menu_order":0,"comment_status":"closed","ping_status":"closed","template":"","meta":{"_mi_skip_tracking":false,"_monsterinsights_sitenote_active":false,"_monsterinsights_sitenote_note":"","_monsterinsights_sitenote_category":0,"footnotes":""},"class_list":["post-1881","page","type-page","status-publish","hentry"],"aioseo_notices":[],"_links":{"self":[{"href":"https:\/\/autismhope.md\/ru\/wp-json\/wp\/v2\/pages\/1881","targetHints":{"allow":["GET"]}}],"collection":[{"href":"https:\/\/autismhope.md\/ru\/wp-json\/wp\/v2\/pages"}],"about":[{"href":"https:\/\/autismhope.md\/ru\/wp-json\/wp\/v2\/types\/page"}],"author":[{"embeddable":true,"href":"https:\/\/autismhope.md\/ru\/wp-json\/wp\/v2\/users\/1"}],"replies":[{"embeddable":true,"href":"https:\/\/autismhope.md\/ru\/wp-json\/wp\/v2\/comments?post=1881"}],"version-history":[{"count":7,"href":"https:\/\/autismhope.md\/ru\/wp-json\/wp\/v2\/pages\/1881\/revisions"}],"predecessor-version":[{"id":5014,"href":"https:\/\/autismhope.md\/ru\/wp-json\/wp\/v2\/pages\/1881\/revisions\/5014"}],"wp:attachment":[{"href":"https:\/\/autismhope.md\/ru\/wp-json\/wp\/v2\/media?parent=1881"}],"curies":[{"name":"wp","href":"https:\/\/api.w.org\/{rel}","templated":true}]}}